{"id":1629,"date":"2023-07-23T14:59:44","date_gmt":"2023-07-23T14:59:44","guid":{"rendered":"https:\/\/chargermake.com\/?page_id=1629"},"modified":"2023-07-23T15:00:47","modified_gmt":"2023-07-23T15:00:47","slug":"payment-methods","status":"publish","type":"page","link":"https:\/\/chargermake.com\/es\/payment-methods\/","title":{"rendered":"M\u00e9todos de pago"},"content":{"rendered":"<style>.kadence-column_11e0ed-60 > .kt-inside-inner-col,.kadence-column_11e0ed-60 > .kt-inside-inner-col:before{border-top-left-radius:0px;border-top-right-radius:0px;border-bottom-right-radius:0px;border-bottom-left-radius:0px;}.kadence-column_11e0ed-60 > .kt-inside-inner-col{column-gap:var(--global-kb-gap-sm, 1rem);}.kadence-column_11e0ed-60 > .kt-inside-inner-col{flex-direction:column;}.kadence-column_11e0ed-60 > .kt-inside-inner-col > .aligncenter{width:100%;}.kadence-column_11e0ed-60 > .kt-inside-inner-col:before{opacity:0.3;}.kadence-column_11e0ed-60{position:relative;}@media all and (max-width: 1024px){.kadence-column_11e0ed-60 > .kt-inside-inner-col{flex-direction:column;justify-content:center;}}@media all and (max-width: 767px){.kadence-column_11e0ed-60 > .kt-inside-inner-col{flex-direction:column;justify-content:center;}}<\/style>\n<div class=\"wp-block-kadence-column kadence-column_11e0ed-60\"><div class=\"kt-inside-inner-col\">\n<p class=\"has-text-align-center has-medium-font-size\"><strong>Aceptamos m\u00e9todos de pago PayPal y transferencia bancaria.<\/strong><\/p>\n<\/div><\/div>\n\n\n<style>.wp-block-kadence-advancedheading.kt-adv-heading_a21370-02, .wp-block-kadence-advancedheading.kt-adv-heading_a21370-02[data-kb-block=\"kb-adv-heading_a21370-02\"]{font-style:normal;}.wp-block-kadence-advancedheading.kt-adv-heading_a21370-02 mark.kt-highlight, .wp-block-kadence-advancedheading.kt-adv-heading_a21370-02[data-kb-block=\"kb-adv-heading_a21370-02\"] mark.kt-highlight{font-style:normal;color:#f76a0c;-webkit-box-decoration-break:clone;box-decoration-break:clone;padding-top:0px;padding-right:0px;padding-bottom:0px;padding-left:0px;}<\/style>\n<p class=\"kt-adv-heading_a21370-02 wp-block-kadence-advancedheading\" data-kb-block=\"kb-adv-heading_a21370-02\"><strong>1. PayPal<\/strong><\/p>\n\n\n<style>.kt-sc_bd769e-1a .kt-sc-imgcol, .kt-sc_bd769e-1a .kt-sc-textcol{min-height:200px;}.kt-sc_bd769e-1a .kt-sc-innter-col{max-width:550px;}.kt-sc_bd769e-1a .kt-sc-imgcol{background-color:rgba(247,247,248,0);}.kt-sc_bd769e-1a .kt-sc-textcol{padding-top:24px;padding-right:24px;padding-bottom:24px;padding-left:24px;margin-top:0px;margin-right:0px;margin-bottom:0px;margin-left:0px;}@media all and (max-width: 767px){.kt-sc_bd769e-1a .kt-sc-imgcol, .kt-sc_bd769e-1a .kt-sc-textcol{min-height:450px;}}<\/style>\n<div class=\"aligncenter kt-sc_bd769e-1a\"><div class=\"kt-split-content-wrap kt-sc-media-side-left\" style=\"grid-template-columns:23% auto\"><div class=\"kt-sc-imgcol kt-sc-imgcol-bg-auto kt-sc-img-side-left\"><figure class=\"kt-split-content-media-image wp-image-container-1635\"><img loading=\"lazy\" decoding=\"async\" width=\"636\" height=\"390\" src=\"https:\/\/chargermake.com\/wp-content\/uploads\/2023\/07\/paypal1-2.png\" alt=\"\" class=\"kt-split-content-img wp-image-1635\" srcset=\"https:\/\/chargermake.com\/wp-content\/uploads\/2023\/07\/paypal1-2.png 636w, https:\/\/chargermake.com\/wp-content\/uploads\/2023\/07\/paypal1-2-300x184.png 300w\" sizes=\"auto, (max-width: 636px) 100vw, 636px\" \/><\/figure><\/div><div class=\"kt-sc-textcol kt-sc-text-valign-center kt-sc-text-halign-center\" style=\"box-shadow:20px 15px 25px -8px rgba(0, 0, 0, 0.2)\"><div class=\"kt-sc-innter-col\">\n<p class=\"has-text-align-left\">Se recomienda utilizar PayPal para pedidos de muestra o pedidos peque\u00f1os, ya que la tasa de transferencia es relativamente alta.<\/p>\n\n\n\n<p class=\"has-text-align-left\">PayPal es una forma m\u00e1s r\u00e1pida y segura de enviar dinero y realizar pagos en l\u00ednea. Puedes pagar con tarjeta de cr\u00e9dito si no tienes una cuenta PayPal.<\/p>\n<\/div><\/div><\/div><\/div>\n\n\n\n<p><strong>2. Transferencia bancaria<\/strong><\/p>\n\n\n<style>.kt-sc_b517ed-8c .kt-sc-imgcol, .kt-sc_b517ed-8c .kt-sc-textcol{min-height:200px;}.kt-sc_b517ed-8c .kt-sc-textcol{padding-top:24px;padding-right:24px;padding-bottom:24px;padding-left:24px;margin-top:0px;margin-right:0px;margin-bottom:0px;margin-left:0px;}@media all and (max-width: 767px){.kt-sc_b517ed-8c .kt-sc-imgcol, .kt-sc_b517ed-8c .kt-sc-textcol{min-height:450px;}}<\/style>\n<div class=\"aligncenter kt-sc_b517ed-8c\"><div class=\"kt-split-content-wrap kt-sc-media-side-left\" style=\"grid-template-columns:24% auto\"><div class=\"kt-sc-imgcol kt-sc-imgcol-bg-auto kt-sc-img-side-left\"><figure class=\"kt-split-content-media-image wp-image-container-1636\"><img loading=\"lazy\" decoding=\"async\" width=\"900\" height=\"566\" src=\"https:\/\/chargermake.com\/wp-content\/uploads\/2023\/07\/wire.png\" alt=\"\" class=\"kt-split-content-img wp-image-1636\" srcset=\"https:\/\/chargermake.com\/wp-content\/uploads\/2023\/07\/wire.png 900w, https:\/\/chargermake.com\/wp-content\/uploads\/2023\/07\/wire-300x189.png 300w, https:\/\/chargermake.com\/wp-content\/uploads\/2023\/07\/wire-768x483.png 768w, https:\/\/chargermake.com\/wp-content\/uploads\/2023\/07\/wire-700x440.png 700w\" sizes=\"auto, (max-width: 900px) 100vw, 900px\" \/><\/figure><\/div><div class=\"kt-sc-textcol kt-sc-text-valign-center kt-sc-text-halign-center\" style=\"box-shadow:20px 15px 25px -8px rgba(0, 0, 0, 0.2)\"><div class=\"kt-sc-innter-col\"><style>.wp-block-kadence-advancedheading.kt-adv-heading_0cbead-7d, .wp-block-kadence-advancedheading.kt-adv-heading_0cbead-7d[data-kb-block=\"kb-adv-heading_0cbead-7d\"]{max-width:550px;text-align:left;font-style:normal;}.wp-block-kadence-advancedheading.kt-adv-heading_0cbead-7d mark.kt-highlight, .wp-block-kadence-advancedheading.kt-adv-heading_0cbead-7d[data-kb-block=\"kb-adv-heading_0cbead-7d\"] mark.kt-highlight{font-style:normal;color:#f76a0c;-webkit-box-decoration-break:clone;box-decoration-break:clone;padding-top:0px;padding-right:0px;padding-bottom:0px;padding-left:0px;}<\/style>\n<p class=\"kt-adv-heading_0cbead-7d wp-block-kadence-advancedheading\" data-kb-block=\"kb-adv-heading_0cbead-7d\">La transferencia bancaria es el m\u00e9todo de pago m\u00e1s recomendado. Cont\u00e1ctenos y proporci\u00f3nenos la siguiente informaci\u00f3n:<\/p>\n\n\n\n<p class=\"has-text-align-left\">a. El\/los producto(s) que desea pedir<\/p>\n\n\n\n<p class=\"has-text-align-left\">b. Su direcci\u00f3n de correo electr\u00f3nico registrada<\/p>\n\n\n\n<p class=\"has-text-align-left\">c. Sus direcciones de facturaci\u00f3n o env\u00edo<\/p>\n\n\n\n<p class=\"has-text-align-left\">Cuando recibamos la solicitud le enviaremos la factura.<\/p>\n\n\n\n<p class=\"has-text-align-left\"><strong>Nota:<\/strong>&nbsp;Las transferencias de dinero extranjero pueden tardar entre 1 y 2 d\u00edas en llegarnos y solo podemos completar el pedido una vez que nuestro banco confirme la transferencia.<\/p>\n<\/div><\/div><\/div><\/div>","protected":false},"excerpt":{"rendered":"<p>We accept PayPal and Wire Transfer payment methods. 1. PayPal 2. Wire Transfer<\/p>","protected":false},"author":1,"featured_media":0,"parent":0,"menu_order":0,"comment_status":"closed","ping_status":"closed","template":"","meta":{"_kad_blocks_custom_css":"","_kad_blocks_head_custom_js":"","_kad_blocks_body_custom_js":"","_kad_blocks_footer_custom_js":"","_kadence_starter_templates_imported_post":false,"_kad_post_transparent":"","_kad_post_title":"","_kad_post_layout":"","_kad_post_sidebar_id":"","_kad_post_content_style":"","_kad_post_vertical_padding":"","_kad_post_feature":"","_kad_post_feature_position":"","_kad_post_header":false,"_kad_post_footer":false,"footnotes":""},"class_list":["post-1629","page","type-page","status-publish","hentry"],"yoast_head":"<!-- This site is optimized with the Yoast SEO Premium plugin v20.5 (Yoast SEO v25.9) - https:\/\/yoast.com\/wordpress\/plugins\/seo\/ -->\n<title>Payment Methods - YLC Charger &amp; Cable Manufacturer<\/title>\n<meta name=\"robots\" content=\"index, follow, max-snippet:-1, max-image-preview:large, max-video-preview:-1\" \/>\n<link rel=\"canonical\" href=\"https:\/\/chargermake.com\/es\/payment-methods\/\" \/>\n<meta property=\"og:locale\" content=\"es_ES\" \/>\n<meta property=\"og:type\" content=\"article\" \/>\n<meta property=\"og:title\" content=\"Payment Methods\" \/>\n<meta property=\"og:description\" content=\"We accept PayPal and Wire Transfer payment methods. 1. PayPal 2. Wire Transfer\" \/>\n<meta property=\"og:url\" content=\"https:\/\/chargermake.com\/es\/payment-methods\/\" \/>\n<meta property=\"og:site_name\" content=\"YLC Charger &amp; Cable Manufacturer\" \/>\n<meta property=\"article:modified_time\" content=\"2023-07-23T15:00:47+00:00\" \/>\n<meta property=\"og:image\" content=\"https:\/\/chargermake.com\/wp-content\/uploads\/2023\/07\/paypal1-2.png\" \/>\n<meta name=\"twitter:card\" content=\"summary_large_image\" \/>\n<meta name=\"twitter:label1\" content=\"Tiempo de lectura\" \/>\n\t<meta name=\"twitter:data1\" content=\"1 minuto\" \/>\n<script type=\"application\/ld+json\" class=\"yoast-schema-graph\">{\"@context\":\"https:\/\/schema.org\",\"@graph\":[{\"@type\":\"WebPage\",\"@id\":\"https:\/\/chargermake.com\/payment-methods\/\",\"url\":\"https:\/\/chargermake.com\/payment-methods\/\",\"name\":\"Payment Methods - YLC Charger &amp; Cable Manufacturer\",\"isPartOf\":{\"@id\":\"https:\/\/chargermake.com\/#website\"},\"primaryImageOfPage\":{\"@id\":\"https:\/\/chargermake.com\/payment-methods\/#primaryimage\"},\"image\":{\"@id\":\"https:\/\/chargermake.com\/payment-methods\/#primaryimage\"},\"thumbnailUrl\":\"https:\/\/chargermake.com\/wp-content\/uploads\/2023\/07\/paypal1-2.png\",\"datePublished\":\"2023-07-23T14:59:44+00:00\",\"dateModified\":\"2023-07-23T15:00:47+00:00\",\"breadcrumb\":{\"@id\":\"https:\/\/chargermake.com\/payment-methods\/#breadcrumb\"},\"inLanguage\":\"es\",\"potentialAction\":[{\"@type\":\"ReadAction\",\"target\":[\"https:\/\/chargermake.com\/payment-methods\/\"]}]},{\"@type\":\"ImageObject\",\"inLanguage\":\"es\",\"@id\":\"https:\/\/chargermake.com\/payment-methods\/#primaryimage\",\"url\":\"https:\/\/chargermake.com\/wp-content\/uploads\/2023\/07\/paypal1-2.png\",\"contentUrl\":\"https:\/\/chargermake.com\/wp-content\/uploads\/2023\/07\/paypal1-2.png\"},{\"@type\":\"BreadcrumbList\",\"@id\":\"https:\/\/chargermake.com\/payment-methods\/#breadcrumb\",\"itemListElement\":[{\"@type\":\"ListItem\",\"position\":1,\"name\":\"Home\",\"item\":\"https:\/\/chargermake.com\/\"},{\"@type\":\"ListItem\",\"position\":2,\"name\":\"Payment Methods\"}]},{\"@type\":\"WebSite\",\"@id\":\"https:\/\/chargermake.com\/#website\",\"url\":\"https:\/\/chargermake.com\/\",\"name\":\"YLC Charger &amp; Cable Manufacturer\",\"description\":\"YLC Charger &amp; Cable Manufacturer\",\"publisher\":{\"@id\":\"https:\/\/chargermake.com\/#organization\"},\"potentialAction\":[{\"@type\":\"SearchAction\",\"target\":{\"@type\":\"EntryPoint\",\"urlTemplate\":\"https:\/\/chargermake.com\/?s={search_term_string}\"},\"query-input\":{\"@type\":\"PropertyValueSpecification\",\"valueRequired\":true,\"valueName\":\"search_term_string\"}}],\"inLanguage\":\"es\"},{\"@type\":\"Organization\",\"@id\":\"https:\/\/chargermake.com\/#organization\",\"name\":\"YLC Charger &amp; Cable Manufacturer\",\"url\":\"https:\/\/chargermake.com\/\",\"logo\":{\"@type\":\"ImageObject\",\"inLanguage\":\"es\",\"@id\":\"https:\/\/chargermake.com\/#\/schema\/logo\/image\/\",\"url\":\"https:\/\/chargermake.com\/wp-content\/uploads\/2025\/05\/QQ20250513-194648-scaled.png\",\"contentUrl\":\"https:\/\/chargermake.com\/wp-content\/uploads\/2025\/05\/QQ20250513-194648-scaled.png\",\"width\":2560,\"height\":388,\"caption\":\"YLC Charger &amp; Cable Manufacturer\"},\"image\":{\"@id\":\"https:\/\/chargermake.com\/#\/schema\/logo\/image\/\"}}]}<\/script>\n<!-- \/ Yoast SEO Premium plugin. -->","yoast_head_json":{"title":"Payment Methods - YLC Charger &amp; Cable Manufacturer","robots":{"index":"index","follow":"follow","max-snippet":"max-snippet:-1","max-image-preview":"max-image-preview:large","max-video-preview":"max-video-preview:-1"},"canonical":"https:\/\/chargermake.com\/es\/payment-methods\/","og_locale":"es_ES","og_type":"article","og_title":"Payment Methods","og_description":"We accept PayPal and Wire Transfer payment methods. 1. PayPal 2. Wire Transfer","og_url":"https:\/\/chargermake.com\/es\/payment-methods\/","og_site_name":"YLC Charger &amp; Cable Manufacturer","article_modified_time":"2023-07-23T15:00:47+00:00","og_image":[{"url":"https:\/\/chargermake.com\/wp-content\/uploads\/2023\/07\/paypal1-2.png","type":"","width":"","height":""}],"twitter_card":"summary_large_image","twitter_misc":{"Tiempo de lectura":"1 minuto"},"schema":{"@context":"https:\/\/schema.org","@graph":[{"@type":"WebPage","@id":"https:\/\/chargermake.com\/payment-methods\/","url":"https:\/\/chargermake.com\/payment-methods\/","name":"Payment Methods - YLC Charger &amp; Cable Manufacturer","isPartOf":{"@id":"https:\/\/chargermake.com\/#website"},"primaryImageOfPage":{"@id":"https:\/\/chargermake.com\/payment-methods\/#primaryimage"},"image":{"@id":"https:\/\/chargermake.com\/payment-methods\/#primaryimage"},"thumbnailUrl":"https:\/\/chargermake.com\/wp-content\/uploads\/2023\/07\/paypal1-2.png","datePublished":"2023-07-23T14:59:44+00:00","dateModified":"2023-07-23T15:00:47+00:00","breadcrumb":{"@id":"https:\/\/chargermake.com\/payment-methods\/#breadcrumb"},"inLanguage":"es","potentialAction":[{"@type":"ReadAction","target":["https:\/\/chargermake.com\/payment-methods\/"]}]},{"@type":"ImageObject","inLanguage":"es","@id":"https:\/\/chargermake.com\/payment-methods\/#primaryimage","url":"https:\/\/chargermake.com\/wp-content\/uploads\/2023\/07\/paypal1-2.png","contentUrl":"https:\/\/chargermake.com\/wp-content\/uploads\/2023\/07\/paypal1-2.png"},{"@type":"BreadcrumbList","@id":"https:\/\/chargermake.com\/payment-methods\/#breadcrumb","itemListElement":[{"@type":"ListItem","position":1,"name":"Home","item":"https:\/\/chargermake.com\/"},{"@type":"ListItem","position":2,"name":"Payment Methods"}]},{"@type":"WebSite","@id":"https:\/\/chargermake.com\/#website","url":"https:\/\/chargermake.com\/","name":"YLC Charger &amp; Cable Manufacturer","description":"YLC Charger &amp; Cable Manufacturer","publisher":{"@id":"https:\/\/chargermake.com\/#organization"},"potentialAction":[{"@type":"SearchAction","target":{"@type":"EntryPoint","urlTemplate":"https:\/\/chargermake.com\/?s={search_term_string}"},"query-input":{"@type":"PropertyValueSpecification","valueRequired":true,"valueName":"search_term_string"}}],"inLanguage":"es"},{"@type":"Organization","@id":"https:\/\/chargermake.com\/#organization","name":"YLC Charger &amp; Cable Manufacturer","url":"https:\/\/chargermake.com\/","logo":{"@type":"ImageObject","inLanguage":"es","@id":"https:\/\/chargermake.com\/#\/schema\/logo\/image\/","url":"https:\/\/chargermake.com\/wp-content\/uploads\/2025\/05\/QQ20250513-194648-scaled.png","contentUrl":"https:\/\/chargermake.com\/wp-content\/uploads\/2025\/05\/QQ20250513-194648-scaled.png","width":2560,"height":388,"caption":"YLC Charger &amp; Cable Manufacturer"},"image":{"@id":"https:\/\/chargermake.com\/#\/schema\/logo\/image\/"}}]}},"taxonomy_info":[],"featured_image_src_large":false,"author_info":{"display_name":"admin","author_link":"https:\/\/chargermake.com\/es\/author\/admin\/"},"comment_info":0,"_links":{"self":[{"href":"https:\/\/chargermake.com\/es\/wp-json\/wp\/v2\/pages\/1629","targetHints":{"allow":["GET"]}}],"collection":[{"href":"https:\/\/chargermake.com\/es\/wp-json\/wp\/v2\/pages"}],"about":[{"href":"https:\/\/chargermake.com\/es\/wp-json\/wp\/v2\/types\/page"}],"author":[{"embeddable":true,"href":"https:\/\/chargermake.com\/es\/wp-json\/wp\/v2\/users\/1"}],"replies":[{"embeddable":true,"href":"https:\/\/chargermake.com\/es\/wp-json\/wp\/v2\/comments?post=1629"}],"version-history":[{"count":2,"href":"https:\/\/chargermake.com\/es\/wp-json\/wp\/v2\/pages\/1629\/revisions"}],"predecessor-version":[{"id":1638,"href":"https:\/\/chargermake.com\/es\/wp-json\/wp\/v2\/pages\/1629\/revisions\/1638"}],"wp:attachment":[{"href":"https:\/\/chargermake.com\/es\/wp-json\/wp\/v2\/media?parent=1629"}],"curies":[{"name":"wp","href":"https:\/\/api.w.org\/{rel}","templated":true}]}}