{"id":1983,"date":"2023-08-06T11:05:06","date_gmt":"2023-08-06T11:05:06","guid":{"rendered":"https:\/\/chargermake.com\/?post_type=product&#038;p=1983"},"modified":"2023-08-06T11:07:36","modified_gmt":"2023-08-06T11:07:36","slug":"ylc-usb-c-3-0-female-to-usb-a-3-0-male-adapter-10gbps-converter","status":"publish","type":"product","link":"https:\/\/chargermake.com\/es\/producto\/ylc-usb-c-3-0-female-to-usb-a-3-0-male-adapter-10gbps-converter\/","title":{"rendered":"Adaptador YLC USB C 3.0 hembra a USB A 3.0 macho, convertidor de 10 Gbps"},"content":{"rendered":"<h4><\/h4>\n<table style=\"border-collapse: collapse; width: 1341px; height: 336px;\" border=\"0\" width=\"163\" cellspacing=\"0\" cellpadding=\"0\">\n<tbody>\n<tr style=\"height: 30.00pt;\">\n<td class=\"et2\" style=\"height: 30.00pt; width: 55.50pt;\" width=\"74\" height=\"40\">\n<h4 style=\"text-align: left;\">Detalles t\u00e9cnicos<\/h4>\n<p>&nbsp;<\/p>\n<p>&nbsp;<\/p>\n<p>&nbsp;<\/p>\n<p>&nbsp;<\/p>\n<p>&nbsp;<\/td>\n<td class=\"et2\" style=\"width: 66.75pt;\" width=\"89\">&nbsp;<\/p>\n<ul>\n<li>Color: Negro\/Gris\/Plata<\/li>\n<li>Carcasa del conector: aluminio<\/li>\n<li>Model Number: YLCC02015<\/li>\n<li>USB 3.0 to USB 3.0(10Gbps to 10Gbps)<\/li>\n<\/ul>\n<\/td>\n<\/tr>\n<\/tbody>\n<\/table>\n<p>&nbsp;<\/p>\n<div class=\"large-10 col pb-0 mb-0\">\n<div class=\"panel entry-content\">\n<h4><strong>Seguro de calidad<\/strong><\/h4>\n<\/div>\n<\/div>\n<table style=\"border-collapse: collapse; width: 1259px; height: 703px;\" border=\"0\" width=\"208\" cellspacing=\"0\" cellpadding=\"0\">\n<tbody>\n<tr style=\"height: 30.00pt;\">\n<td style=\"height: 30.00pt; width: 82.50pt;\" width=\"110\" height=\"40\">\n<h5>Garant\u00eda de materias primas<\/h5>\n<p>Garantizar la calidad de las materias primas es nuestro principio fundamental. Contamos con una cadena de suministro de componentes USB estable y s\u00f3lida y hemos sido...<span style=\"font-family: var(--global-body-font-family);\">Trabajamos con proveedores l\u00edderes en la industria. Utilizamos materias primas de primera calidad, como TPE ecol\u00f3gico, cable est\u00e1ndar de cobre desnudo o esta\u00f1ado, conectores USB con clasificaci\u00f3n IP-20, PCB de hasta 4 capas y chips con certificaci\u00f3n de marca.<\/span><\/p>\n<p>&nbsp;<\/p>\n<p>&nbsp;<\/td>\n<td style=\"width: 73.50pt;\" width=\"98\"><img loading=\"lazy\" decoding=\"async\" class=\"wp-image-1666 aligncenter\" src=\"https:\/\/chargermake.com\/wp-content\/uploads\/2020\/10\/1-300x300.jpg\" alt=\"\" width=\"292\" height=\"292\" srcset=\"https:\/\/chargermake.com\/wp-content\/uploads\/2020\/10\/1-300x300.jpg 300w, https:\/\/chargermake.com\/wp-content\/uploads\/2020\/10\/1-150x150.jpg 150w, https:\/\/chargermake.com\/wp-content\/uploads\/2020\/10\/1-768x768.jpg 768w, https:\/\/chargermake.com\/wp-content\/uploads\/2020\/10\/1-700x700.jpg 700w, https:\/\/chargermake.com\/wp-content\/uploads\/2020\/10\/1-100x100.jpg 100w, https:\/\/chargermake.com\/wp-content\/uploads\/2020\/10\/1.jpg 800w\" sizes=\"auto, (max-width: 292px) 100vw, 292px\" \/><\/td>\n<\/tr>\n<tr style=\"height: 30.00pt;\">\n<td style=\"height: 30.00pt;\" height=\"40\">\n<h5><img loading=\"lazy\" decoding=\"async\" class=\"wp-image-1668 aligncenter\" src=\"https:\/\/chargermake.com\/wp-content\/uploads\/2020\/10\/3-300x196.jpg\" alt=\"\" width=\"453\" height=\"296\" srcset=\"https:\/\/chargermake.com\/wp-content\/uploads\/2020\/10\/3-300x196.jpg 300w, https:\/\/chargermake.com\/wp-content\/uploads\/2020\/10\/3-768x502.jpg 768w, https:\/\/chargermake.com\/wp-content\/uploads\/2020\/10\/3-700x458.jpg 700w, https:\/\/chargermake.com\/wp-content\/uploads\/2020\/10\/3.jpg 800w\" sizes=\"auto, (max-width: 453px) 100vw, 453px\" \/><\/h5>\n<\/td>\n<td>\n<h5>Producci\u00f3n estandarizada<\/h5>\n<p>Para fabricar productos m\u00e1s avanzados y aumentar la capacidad de producci\u00f3n, seguimos invirtiendo en equipos de vanguardia. Actualmente, nuestros productos 90% est\u00e1n estandarizados y algunos cables USB C tambi\u00e9n pueden automatizarse. Nuestra f\u00e1brica tiene capacidad de producci\u00f3n a gran escala las 24 horas del d\u00eda, los 7 d\u00edas de la semana, lo que reduce r\u00e1pidamente los plazos de entrega.<\/p>\n<p>&nbsp;<\/p>\n<p>&nbsp;<\/td>\n<\/tr>\n<tr style=\"height: 30.00pt;\">\n<td style=\"height: 30.00pt;\" height=\"40\">\n<h5><\/h5>\n<h5><\/h5>\n<p>&nbsp;<\/p>\n<p>&nbsp;<\/p>\n<h5>Pruebas m\u00faltiples<\/h5>\n<p>Todos los productos se someten a m\u00faltiples pruebas durante la producci\u00f3n final. Contamos con diferentes procedimientos de prueba para distintos tipos de productos, como los cables USB, que deben someterse a pruebas de conexi\u00f3n, pruebas de niebla salina y pruebas de oscilaci\u00f3n. Antes del env\u00edo, tambi\u00e9n realizamos pruebas de conectividad aleatorias y nos esforzamos al m\u00e1ximo para que reciba productos 100% de su total satisfacci\u00f3n.<\/td>\n<td>\n<h5><img loading=\"lazy\" decoding=\"async\" class=\"wp-image-1667 aligncenter\" style=\"text-align: center; font-family: var(--global-body-font-family);\" src=\"https:\/\/chargermake.com\/wp-content\/uploads\/2020\/10\/2-300x200.jpg\" alt=\"\" width=\"461\" height=\"307\" srcset=\"https:\/\/chargermake.com\/wp-content\/uploads\/2020\/10\/2-300x200.jpg 300w, https:\/\/chargermake.com\/wp-content\/uploads\/2020\/10\/2.jpg 600w\" sizes=\"auto, (max-width: 461px) 100vw, 461px\" \/><\/h5>\n<\/td>\n<\/tr>\n<\/tbody>\n<\/table>\n<p>&nbsp;<\/p>\n<p>&nbsp;<\/p>\n<table style=\"border-collapse: collapse; width: 974px; height: 150px;\" border=\"0\" width=\"216\" cellspacing=\"0\" cellpadding=\"0\">\n<tbody>\n<tr style=\"height: 24.00pt;\">\n<td class=\"et3\" style=\"height: 24pt; width: 54pt; text-align: center;\" width=\"72\" height=\"32\">\n<h4>CONT\u00c1CTENOS<\/h4>\n<\/td>\n<td class=\"et3\" style=\"width: 54.00pt;\" width=\"72\">\u00a0 \u00a0 \u00a0 \u00a0 \u00a0 \u00a0 \u00a0Correo electr\u00f3nico: <em>ventas@chargermake.com\u00a0 \u00a0 \u00a0 \u00a0<\/em>TikTok: <em>@YLCfactory<\/em><\/td>\n<td class=\"et3\" style=\"width: 54.00pt;\" width=\"72\"><img loading=\"lazy\" decoding=\"async\" class=\"wp-image-1669 aligncenter\" src=\"https:\/\/chargermake.com\/wp-content\/uploads\/2020\/10\/WhatsApp.png\" alt=\"\" width=\"116\" height=\"114\" \/><\/p>\n<h5 style=\"text-align: center;\">WhatsApp<\/h5>\n<\/td>\n<\/tr>\n<\/tbody>\n<\/table>","protected":false},"excerpt":{"rendered":"<p>*El MOQ del producto en stock es 100 y el precio es por paquete a granel (bolsa de PP).\u00a0 <a href=\"https:\/\/chargermake.com\/es\/contact\/\">Cont\u00e1ctanos<\/a>\u00a0para opciones de embalaje minorista individuales.<\/p>","protected":false},"featured_media":1977,"comment_status":"closed","ping_status":"closed","template":"","meta":{"_kad_blocks_custom_css":"","_kad_blocks_head_custom_js":"","_kad_blocks_body_custom_js":"","_kad_blocks_footer_custom_js":"","_kadence_starter_templates_imported_post":true,"_kad_post_transparent":"default","_kad_post_title":"","_kad_post_layout":"default","_kad_post_sidebar_id":"","_kad_post_content_style":"default","_kad_post_vertical_padding":"default","_kad_post_feature":"","_kad_post_feature_position":"","_kad_post_header":false,"_kad_post_footer":false},"product_brand":[],"product_cat":[71,70],"product_tag":[45,43,44,47,40,46,72,42],"class_list":{"0":"post-1983","1":"product","2":"type-product","3":"status-publish","4":"has-post-thumbnail","6":"product_cat-usb-3-0-cable","7":"product_cat-usb-converter","8":"product_tag-cable","9":"product_tag-charging-cable","10":"product_tag-data-cable","11":"product_tag-fast-charger","12":"product_tag-iphone-cable","13":"product_tag-phone-cable","14":"product_tag-usb-3-0","15":"product_tag-usb-cable","17":"first","18":"instock","19":"featured","20":"shipping-taxable","21":"purchasable","22":"product-type-variable","23":"has-default-attributes","24":"entry","25":"content-bg","26":"loop-entry"},"yoast_head":"<!-- This site is optimized with the Yoast SEO Premium plugin v20.5 (Yoast SEO v25.9) - https:\/\/yoast.com\/wordpress\/plugins\/seo\/ -->\n<title>YLC USB C 3.0 Female to USB A 3.0 Male Adapter 10Gbps Converter - YLC Charger &amp; Cable Manufacturer<\/title>\n<meta name=\"robots\" content=\"index, follow, max-snippet:-1, max-image-preview:large, max-video-preview:-1\" \/>\n<link rel=\"canonical\" href=\"https:\/\/chargermake.com\/es\/producto\/ylc-usb-c-3-0-female-to-usb-a-3-0-male-adapter-10gbps-converter\/\" \/>\n<meta property=\"og:locale\" content=\"es_ES\" \/>\n<meta property=\"og:type\" content=\"article\" \/>\n<meta property=\"og:title\" content=\"YLC USB C 3.0 Female to USB A 3.0 Male Adapter 10Gbps Converter\" \/>\n<meta property=\"og:description\" content=\"*The stock product&#039;s MOQ is 100 and priced for bulk pack (PP bag).\u00a0 Contact us\u00a0for individual retail packaging options.\" \/>\n<meta property=\"og:url\" content=\"https:\/\/chargermake.com\/es\/producto\/ylc-usb-c-3-0-female-to-usb-a-3-0-male-adapter-10gbps-converter\/\" \/>\n<meta property=\"og:site_name\" content=\"YLC Charger &amp; Cable Manufacturer\" \/>\n<meta property=\"article:modified_time\" content=\"2023-08-06T11:07:36+00:00\" \/>\n<meta property=\"og:image\" content=\"https:\/\/chargermake.com\/wp-content\/uploads\/2023\/08\/401.png\" \/>\n\t<meta property=\"og:image:width\" content=\"2000\" \/>\n\t<meta property=\"og:image:height\" content=\"2000\" \/>\n\t<meta property=\"og:image:type\" content=\"image\/png\" \/>\n<meta name=\"twitter:card\" content=\"summary_large_image\" \/>\n<meta name=\"twitter:label1\" content=\"Tiempo de lectura\" \/>\n\t<meta name=\"twitter:data1\" content=\"2 minutos\" \/>\n<script type=\"application\/ld+json\" class=\"yoast-schema-graph\">{\"@context\":\"https:\/\/schema.org\",\"@graph\":[{\"@type\":\"WebPage\",\"@id\":\"https:\/\/chargermake.com\/product\/ylc-usb-c-3-0-female-to-usb-a-3-0-male-adapter-10gbps-converter\/\",\"url\":\"https:\/\/chargermake.com\/product\/ylc-usb-c-3-0-female-to-usb-a-3-0-male-adapter-10gbps-converter\/\",\"name\":\"YLC USB C 3.0 Female to USB A 3.0 Male Adapter 10Gbps Converter - YLC Charger &amp; Cable Manufacturer\",\"isPartOf\":{\"@id\":\"https:\/\/chargermake.com\/#website\"},\"primaryImageOfPage\":{\"@id\":\"https:\/\/chargermake.com\/product\/ylc-usb-c-3-0-female-to-usb-a-3-0-male-adapter-10gbps-converter\/#primaryimage\"},\"image\":{\"@id\":\"https:\/\/chargermake.com\/product\/ylc-usb-c-3-0-female-to-usb-a-3-0-male-adapter-10gbps-converter\/#primaryimage\"},\"thumbnailUrl\":\"https:\/\/chargermake.com\/wp-content\/uploads\/2023\/08\/401.png\",\"datePublished\":\"2023-08-06T11:05:06+00:00\",\"dateModified\":\"2023-08-06T11:07:36+00:00\",\"breadcrumb\":{\"@id\":\"https:\/\/chargermake.com\/product\/ylc-usb-c-3-0-female-to-usb-a-3-0-male-adapter-10gbps-converter\/#breadcrumb\"},\"inLanguage\":\"es\",\"potentialAction\":[{\"@type\":\"ReadAction\",\"target\":[\"https:\/\/chargermake.com\/product\/ylc-usb-c-3-0-female-to-usb-a-3-0-male-adapter-10gbps-converter\/\"]}]},{\"@type\":\"ImageObject\",\"inLanguage\":\"es\",\"@id\":\"https:\/\/chargermake.com\/product\/ylc-usb-c-3-0-female-to-usb-a-3-0-male-adapter-10gbps-converter\/#primaryimage\",\"url\":\"https:\/\/chargermake.com\/wp-content\/uploads\/2023\/08\/401.png\",\"contentUrl\":\"https:\/\/chargermake.com\/wp-content\/uploads\/2023\/08\/401.png\",\"width\":2000,\"height\":2000},{\"@type\":\"BreadcrumbList\",\"@id\":\"https:\/\/chargermake.com\/product\/ylc-usb-c-3-0-female-to-usb-a-3-0-male-adapter-10gbps-converter\/#breadcrumb\",\"itemListElement\":[{\"@type\":\"ListItem\",\"position\":1,\"name\":\"Home\",\"item\":\"https:\/\/chargermake.com\/\"},{\"@type\":\"ListItem\",\"position\":2,\"name\":\"Product\",\"item\":\"https:\/\/chargermake.com\/product\/\"},{\"@type\":\"ListItem\",\"position\":3,\"name\":\"YLC USB C 3.0 Female to USB A 3.0 Male Adapter 10Gbps Converter\"}]},{\"@type\":\"WebSite\",\"@id\":\"https:\/\/chargermake.com\/#website\",\"url\":\"https:\/\/chargermake.com\/\",\"name\":\"YLC Charger &amp; Cable Manufacturer\",\"description\":\"YLC Charger &amp; Cable Manufacturer\",\"publisher\":{\"@id\":\"https:\/\/chargermake.com\/#organization\"},\"potentialAction\":[{\"@type\":\"SearchAction\",\"target\":{\"@type\":\"EntryPoint\",\"urlTemplate\":\"https:\/\/chargermake.com\/?s={search_term_string}\"},\"query-input\":{\"@type\":\"PropertyValueSpecification\",\"valueRequired\":true,\"valueName\":\"search_term_string\"}}],\"inLanguage\":\"es\"},{\"@type\":\"Organization\",\"@id\":\"https:\/\/chargermake.com\/#organization\",\"name\":\"YLC Charger &amp; Cable Manufacturer\",\"url\":\"https:\/\/chargermake.com\/\",\"logo\":{\"@type\":\"ImageObject\",\"inLanguage\":\"es\",\"@id\":\"https:\/\/chargermake.com\/#\/schema\/logo\/image\/\",\"url\":\"https:\/\/chargermake.com\/wp-content\/uploads\/2025\/05\/QQ20250513-194648-scaled.png\",\"contentUrl\":\"https:\/\/chargermake.com\/wp-content\/uploads\/2025\/05\/QQ20250513-194648-scaled.png\",\"width\":2560,\"height\":388,\"caption\":\"YLC Charger &amp; Cable Manufacturer\"},\"image\":{\"@id\":\"https:\/\/chargermake.com\/#\/schema\/logo\/image\/\"}}]}<\/script>\n<!-- \/ Yoast SEO Premium plugin. -->","yoast_head_json":{"title":"YLC USB C 3.0 Female to USB A 3.0 Male Adapter 10Gbps Converter - YLC Charger &amp; Cable Manufacturer","robots":{"index":"index","follow":"follow","max-snippet":"max-snippet:-1","max-image-preview":"max-image-preview:large","max-video-preview":"max-video-preview:-1"},"canonical":"https:\/\/chargermake.com\/es\/producto\/ylc-usb-c-3-0-female-to-usb-a-3-0-male-adapter-10gbps-converter\/","og_locale":"es_ES","og_type":"article","og_title":"YLC USB C 3.0 Female to USB A 3.0 Male Adapter 10Gbps Converter","og_description":"*The stock product's MOQ is 100 and priced for bulk pack (PP bag).\u00a0 Contact us\u00a0for individual retail packaging options.","og_url":"https:\/\/chargermake.com\/es\/producto\/ylc-usb-c-3-0-female-to-usb-a-3-0-male-adapter-10gbps-converter\/","og_site_name":"YLC Charger &amp; Cable Manufacturer","article_modified_time":"2023-08-06T11:07:36+00:00","og_image":[{"width":2000,"height":2000,"url":"https:\/\/chargermake.com\/wp-content\/uploads\/2023\/08\/401.png","type":"image\/png"}],"twitter_card":"summary_large_image","twitter_misc":{"Tiempo de lectura":"2 minutos"},"schema":{"@context":"https:\/\/schema.org","@graph":[{"@type":"WebPage","@id":"https:\/\/chargermake.com\/product\/ylc-usb-c-3-0-female-to-usb-a-3-0-male-adapter-10gbps-converter\/","url":"https:\/\/chargermake.com\/product\/ylc-usb-c-3-0-female-to-usb-a-3-0-male-adapter-10gbps-converter\/","name":"YLC USB C 3.0 Female to USB A 3.0 Male Adapter 10Gbps Converter - YLC Charger &amp; Cable Manufacturer","isPartOf":{"@id":"https:\/\/chargermake.com\/#website"},"primaryImageOfPage":{"@id":"https:\/\/chargermake.com\/product\/ylc-usb-c-3-0-female-to-usb-a-3-0-male-adapter-10gbps-converter\/#primaryimage"},"image":{"@id":"https:\/\/chargermake.com\/product\/ylc-usb-c-3-0-female-to-usb-a-3-0-male-adapter-10gbps-converter\/#primaryimage"},"thumbnailUrl":"https:\/\/chargermake.com\/wp-content\/uploads\/2023\/08\/401.png","datePublished":"2023-08-06T11:05:06+00:00","dateModified":"2023-08-06T11:07:36+00:00","breadcrumb":{"@id":"https:\/\/chargermake.com\/product\/ylc-usb-c-3-0-female-to-usb-a-3-0-male-adapter-10gbps-converter\/#breadcrumb"},"inLanguage":"es","potentialAction":[{"@type":"ReadAction","target":["https:\/\/chargermake.com\/product\/ylc-usb-c-3-0-female-to-usb-a-3-0-male-adapter-10gbps-converter\/"]}]},{"@type":"ImageObject","inLanguage":"es","@id":"https:\/\/chargermake.com\/product\/ylc-usb-c-3-0-female-to-usb-a-3-0-male-adapter-10gbps-converter\/#primaryimage","url":"https:\/\/chargermake.com\/wp-content\/uploads\/2023\/08\/401.png","contentUrl":"https:\/\/chargermake.com\/wp-content\/uploads\/2023\/08\/401.png","width":2000,"height":2000},{"@type":"BreadcrumbList","@id":"https:\/\/chargermake.com\/product\/ylc-usb-c-3-0-female-to-usb-a-3-0-male-adapter-10gbps-converter\/#breadcrumb","itemListElement":[{"@type":"ListItem","position":1,"name":"Home","item":"https:\/\/chargermake.com\/"},{"@type":"ListItem","position":2,"name":"Product","item":"https:\/\/chargermake.com\/product\/"},{"@type":"ListItem","position":3,"name":"YLC USB C 3.0 Female to USB A 3.0 Male Adapter 10Gbps Converter"}]},{"@type":"WebSite","@id":"https:\/\/chargermake.com\/#website","url":"https:\/\/chargermake.com\/","name":"YLC Charger &amp; Cable Manufacturer","description":"YLC Charger &amp; Cable Manufacturer","publisher":{"@id":"https:\/\/chargermake.com\/#organization"},"potentialAction":[{"@type":"SearchAction","target":{"@type":"EntryPoint","urlTemplate":"https:\/\/chargermake.com\/?s={search_term_string}"},"query-input":{"@type":"PropertyValueSpecification","valueRequired":true,"valueName":"search_term_string"}}],"inLanguage":"es"},{"@type":"Organization","@id":"https:\/\/chargermake.com\/#organization","name":"YLC Charger &amp; Cable Manufacturer","url":"https:\/\/chargermake.com\/","logo":{"@type":"ImageObject","inLanguage":"es","@id":"https:\/\/chargermake.com\/#\/schema\/logo\/image\/","url":"https:\/\/chargermake.com\/wp-content\/uploads\/2025\/05\/QQ20250513-194648-scaled.png","contentUrl":"https:\/\/chargermake.com\/wp-content\/uploads\/2025\/05\/QQ20250513-194648-scaled.png","width":2560,"height":388,"caption":"YLC Charger &amp; Cable Manufacturer"},"image":{"@id":"https:\/\/chargermake.com\/#\/schema\/logo\/image\/"}}]}},"taxonomy_info":{"product_cat":[{"value":71,"label":"USB 3.0 Cable"},{"value":70,"label":"USB Converter"}],"product_tag":[{"value":45,"label":"cable"},{"value":43,"label":"charging cable"},{"value":44,"label":"data cable"},{"value":47,"label":"fast charger"},{"value":40,"label":"iphone cable"},{"value":46,"label":"phone cable"},{"value":72,"label":"usb 3.0"},{"value":42,"label":"usb cable"}]},"featured_image_src_large":["https:\/\/chargermake.com\/wp-content\/uploads\/2023\/08\/401-1024x1024.png",1024,1024,true],"author_info":[],"comment_info":0,"_links":{"self":[{"href":"https:\/\/chargermake.com\/es\/wp-json\/wp\/v2\/product\/1983","targetHints":{"allow":["GET"]}}],"collection":[{"href":"https:\/\/chargermake.com\/es\/wp-json\/wp\/v2\/product"}],"about":[{"href":"https:\/\/chargermake.com\/es\/wp-json\/wp\/v2\/types\/product"}],"replies":[{"embeddable":true,"href":"https:\/\/chargermake.com\/es\/wp-json\/wp\/v2\/comments?post=1983"}],"wp:featuredmedia":[{"embeddable":true,"href":"https:\/\/chargermake.com\/es\/wp-json\/wp\/v2\/media\/1977"}],"wp:attachment":[{"href":"https:\/\/chargermake.com\/es\/wp-json\/wp\/v2\/media?parent=1983"}],"wp:term":[{"taxonomy":"product_brand","embeddable":true,"href":"https:\/\/chargermake.com\/es\/wp-json\/wp\/v2\/product_brand?post=1983"},{"taxonomy":"product_cat","embeddable":true,"href":"https:\/\/chargermake.com\/es\/wp-json\/wp\/v2\/product_cat?post=1983"},{"taxonomy":"product_tag","embeddable":true,"href":"https:\/\/chargermake.com\/es\/wp-json\/wp\/v2\/product_tag?post=1983"}],"curies":[{"name":"wp","href":"https:\/\/api.w.org\/{rel}","templated":true}]}}