{"id":2073,"date":"2025-05-11T12:11:22","date_gmt":"2025-05-11T12:11:22","guid":{"rendered":"https:\/\/chargermake.com\/?post_type=product&#038;p=2073"},"modified":"2025-05-14T04:21:19","modified_gmt":"2025-05-14T04:21:19","slug":"ylc-usb-ac-pd-25w-fast-wall-charger-us-uk-eu-in-plug-2","status":"publish","type":"product","link":"https:\/\/chargermake.com\/es\/producto\/ylc-usb-ac-pd-25w-fast-wall-charger-us-uk-eu-in-plug-2\/","title":{"rendered":"Cargador de pared r\u00e1pido YLC USB A+C PD de 25 W (enchufe EE. UU., Reino Unido, UE e Italia)"},"content":{"rendered":"<h4><\/h4>\n<table style=\"border-collapse: collapse; width: 1341px; height: 336px;\" border=\"0\" width=\"163\" cellspacing=\"0\" cellpadding=\"0\">\n<tbody>\n<tr style=\"height: 30.00pt;\">\n<td class=\"et2\" style=\"height: 30.00pt; width: 55.50pt;\" width=\"74\" height=\"40\">\n<h4 style=\"text-align: left;\">Detalles t\u00e9cnicos<\/h4>\n<p>&nbsp;<\/p>\n<p>&nbsp;<\/p>\n<p>&nbsp;<\/td>\n<td class=\"et2\" style=\"width: 66.75pt;\" width=\"89\">Frecuencia de entrada: 50\/60 Hz<br \/>\nVoltaje de entrada: CA 110 V\u2013240 V<br \/>\nTemperatura de funcionamiento: 0+40\u2103<br \/>\nOndulaci\u00f3n de salida: \u2264200 Vp-p<br \/>\nOperating Efficiency: 80%90%<br \/>\nVoltaje de salida: CC: 5 V, 9 V, 12 V<br \/>\nPotencia de salida: 25W<br \/>\nCorriente nominal: 5 V\u20133 A \/ 9 V\u20132,77 A \/ 12 V\u20132,08 A<br \/>\nTemperatura de almacenamiento: -20\u2103+80\u2103<br \/>\nInterfaz de salida: TC+ USB<br \/>\nAjuste de voltaje de salida: 5%<\/td>\n<\/tr>\n<\/tbody>\n<\/table>\n<p>&nbsp;<\/p>\n<div class=\"large-10 col pb-0 mb-0\">\n<div class=\"panel entry-content\">\n<h4><strong>Seguro de calidad<\/strong><\/h4>\n<\/div>\n<\/div>\n<table style=\"border-collapse: collapse; width: 1259px; height: 703px;\" border=\"0\" width=\"208\" cellspacing=\"0\" cellpadding=\"0\">\n<tbody>\n<tr style=\"height: 30.00pt;\">\n<td style=\"height: 30.00pt; width: 82.50pt;\" width=\"110\" height=\"40\">\n<h5>Garant\u00eda de materias primas<\/h5>\n<p>Garantizar la calidad de las materias primas es nuestro principio fundamental. Contamos con una cadena de suministro de componentes USB estable y s\u00f3lida y hemos sido...<span style=\"font-family: var(--global-body-font-family);\">Trabajamos con proveedores l\u00edderes en la industria. Utilizamos materias primas de primera calidad, como TPE ecol\u00f3gico, cable est\u00e1ndar de cobre desnudo o esta\u00f1ado, conectores USB con clasificaci\u00f3n IP-20, PCB de hasta 4 capas y chips con certificaci\u00f3n de marca.<\/span><\/p>\n<p>&nbsp;<\/p>\n<p>&nbsp;<\/td>\n<td style=\"width: 73.50pt;\" width=\"98\"><img loading=\"lazy\" decoding=\"async\" class=\"wp-image-1666 aligncenter\" src=\"https:\/\/chargermake.com\/wp-content\/uploads\/2020\/10\/1-300x300.jpg\" alt=\"\" width=\"292\" height=\"292\" srcset=\"https:\/\/chargermake.com\/wp-content\/uploads\/2020\/10\/1-300x300.jpg 300w, https:\/\/chargermake.com\/wp-content\/uploads\/2020\/10\/1-150x150.jpg 150w, https:\/\/chargermake.com\/wp-content\/uploads\/2020\/10\/1-768x768.jpg 768w, https:\/\/chargermake.com\/wp-content\/uploads\/2020\/10\/1-700x700.jpg 700w, https:\/\/chargermake.com\/wp-content\/uploads\/2020\/10\/1-100x100.jpg 100w, https:\/\/chargermake.com\/wp-content\/uploads\/2020\/10\/1.jpg 800w\" sizes=\"auto, (max-width: 292px) 100vw, 292px\" \/><\/td>\n<\/tr>\n<tr style=\"height: 30.00pt;\">\n<td style=\"height: 30.00pt;\" height=\"40\">\n<h5><img loading=\"lazy\" decoding=\"async\" class=\"wp-image-1668 aligncenter\" src=\"https:\/\/chargermake.com\/wp-content\/uploads\/2020\/10\/3-300x196.jpg\" alt=\"\" width=\"453\" height=\"296\" srcset=\"https:\/\/chargermake.com\/wp-content\/uploads\/2020\/10\/3-300x196.jpg 300w, https:\/\/chargermake.com\/wp-content\/uploads\/2020\/10\/3-768x502.jpg 768w, https:\/\/chargermake.com\/wp-content\/uploads\/2020\/10\/3-700x458.jpg 700w, https:\/\/chargermake.com\/wp-content\/uploads\/2020\/10\/3.jpg 800w\" sizes=\"auto, (max-width: 453px) 100vw, 453px\" \/><\/h5>\n<\/td>\n<td>\n<h5>Producci\u00f3n estandarizada<\/h5>\n<p>Para fabricar productos m\u00e1s avanzados y aumentar la capacidad de producci\u00f3n, seguimos invirtiendo en equipos de vanguardia. Actualmente, nuestros productos 90% est\u00e1n estandarizados y algunos cables USB C tambi\u00e9n pueden automatizarse. Nuestra f\u00e1brica tiene capacidad de producci\u00f3n a gran escala las 24 horas del d\u00eda, los 7 d\u00edas de la semana, lo que reduce r\u00e1pidamente los plazos de entrega.<\/p>\n<p>&nbsp;<\/p>\n<p>&nbsp;<\/td>\n<\/tr>\n<tr style=\"height: 30.00pt;\">\n<td style=\"height: 30.00pt;\" height=\"40\">\n<h5><\/h5>\n<h5><\/h5>\n<p>&nbsp;<\/p>\n<p>&nbsp;<\/p>\n<h5>Pruebas m\u00faltiples<\/h5>\n<p>Todos los productos se someten a m\u00faltiples pruebas durante la producci\u00f3n final. Contamos con diferentes procedimientos de prueba para distintos tipos de productos, como los cables USB, que deben someterse a pruebas de conexi\u00f3n, pruebas de niebla salina y pruebas de oscilaci\u00f3n. Antes del env\u00edo, tambi\u00e9n realizamos pruebas de conectividad aleatorias y nos esforzamos al m\u00e1ximo para que reciba productos 100% de su total satisfacci\u00f3n.<\/td>\n<td>\n<h5><img loading=\"lazy\" decoding=\"async\" class=\"wp-image-1667 aligncenter\" style=\"text-align: center; font-family: var(--global-body-font-family);\" src=\"https:\/\/chargermake.com\/wp-content\/uploads\/2020\/10\/2-300x200.jpg\" alt=\"\" width=\"461\" height=\"307\" srcset=\"https:\/\/chargermake.com\/wp-content\/uploads\/2020\/10\/2-300x200.jpg 300w, https:\/\/chargermake.com\/wp-content\/uploads\/2020\/10\/2.jpg 600w\" sizes=\"auto, (max-width: 461px) 100vw, 461px\" \/><\/h5>\n<\/td>\n<\/tr>\n<\/tbody>\n<\/table>\n<p>&nbsp;<\/p>","protected":false},"excerpt":{"rendered":"<p>*El MOQ del producto en stock es 100 y el precio es por paquete a granel (bolsa de PP).\u00a0 <a href=\"https:\/\/chargermake.com\/es\/contact\/\">Cont\u00e1ctanos<\/a>\u00a0para opciones de embalaje minorista individuales.<\/p>","protected":false},"featured_media":2078,"comment_status":"closed","ping_status":"closed","template":"","meta":{"_kad_blocks_custom_css":"","_kad_blocks_head_custom_js":"","_kad_blocks_body_custom_js":"","_kad_blocks_footer_custom_js":"","_kadence_starter_templates_imported_post":true,"_kad_post_transparent":"default","_kad_post_title":"","_kad_post_layout":"default","_kad_post_sidebar_id":"","_kad_post_content_style":"default","_kad_post_vertical_padding":"default","_kad_post_feature":"","_kad_post_feature_position":"","_kad_post_header":false,"_kad_post_footer":false},"product_brand":[],"product_cat":[38,66,67,65],"product_tag":[52,51,47,56,55,54,60,53,61,57],"class_list":{"0":"post-2073","1":"product","2":"type-product","3":"status-publish","4":"has-post-thumbnail","6":"product_cat-charger","7":"product_cat-eu-plug","8":"product_cat-uk-plug","9":"product_cat-us-plug","10":"product_tag-adapter","11":"product_tag-charger","12":"product_tag-fast-charger","13":"product_tag-home-charger","14":"product_tag-iphone-adapter","15":"product_tag-iphone-charger","16":"product_tag-pd-charger","17":"product_tag-phone-charger","18":"product_tag-us-plug","19":"product_tag-wall-charger","21":"first","22":"instock","23":"featured","24":"shipping-taxable","25":"purchasable","26":"product-type-variable","27":"has-default-attributes","28":"entry","29":"content-bg","30":"loop-entry"},"yoast_head":"<!-- This site is optimized with the Yoast SEO Premium plugin v20.5 (Yoast SEO v25.9) - https:\/\/yoast.com\/wordpress\/plugins\/seo\/ -->\n<title>YLC USB A+C PD 25W Fast Wall Charger-US\/UK\/EU\/IN Plug - YLC Charger &amp; Cable Manufacturer<\/title>\n<meta name=\"robots\" content=\"index, follow, max-snippet:-1, max-image-preview:large, max-video-preview:-1\" \/>\n<link rel=\"canonical\" href=\"https:\/\/chargermake.com\/es\/producto\/ylc-usb-ac-pd-25w-fast-wall-charger-us-uk-eu-in-plug-2\/\" \/>\n<meta property=\"og:locale\" content=\"es_ES\" \/>\n<meta property=\"og:type\" content=\"article\" \/>\n<meta property=\"og:title\" content=\"YLC USB A+C PD 25W Fast Wall Charger-US\/UK\/EU\/IN Plug\" \/>\n<meta property=\"og:description\" content=\"*The stock product&#039;s MOQ is 100 and priced for bulk pack (PP bag).\u00a0 Contact us\u00a0for individual retail packaging options.\" \/>\n<meta property=\"og:url\" content=\"https:\/\/chargermake.com\/es\/producto\/ylc-usb-ac-pd-25w-fast-wall-charger-us-uk-eu-in-plug-2\/\" \/>\n<meta property=\"og:site_name\" content=\"YLC Charger &amp; Cable Manufacturer\" \/>\n<meta property=\"article:modified_time\" content=\"2025-05-14T04:21:19+00:00\" \/>\n<meta property=\"og:image\" content=\"https:\/\/chargermake.com\/wp-content\/uploads\/2025\/05\/82.png\" \/>\n\t<meta property=\"og:image:width\" content=\"273\" \/>\n\t<meta property=\"og:image:height\" content=\"279\" \/>\n\t<meta property=\"og:image:type\" content=\"image\/png\" \/>\n<meta name=\"twitter:card\" content=\"summary_large_image\" \/>\n<meta name=\"twitter:label1\" content=\"Tiempo de lectura\" \/>\n\t<meta name=\"twitter:data1\" content=\"2 minutos\" \/>\n<script type=\"application\/ld+json\" class=\"yoast-schema-graph\">{\"@context\":\"https:\/\/schema.org\",\"@graph\":[{\"@type\":\"WebPage\",\"@id\":\"https:\/\/chargermake.com\/product\/ylc-usb-ac-pd-25w-fast-wall-charger-us-uk-eu-in-plug-2\/\",\"url\":\"https:\/\/chargermake.com\/product\/ylc-usb-ac-pd-25w-fast-wall-charger-us-uk-eu-in-plug-2\/\",\"name\":\"YLC USB A+C PD 25W Fast Wall Charger-US\/UK\/EU\/IN Plug - YLC Charger &amp; Cable Manufacturer\",\"isPartOf\":{\"@id\":\"https:\/\/chargermake.com\/#website\"},\"primaryImageOfPage\":{\"@id\":\"https:\/\/chargermake.com\/product\/ylc-usb-ac-pd-25w-fast-wall-charger-us-uk-eu-in-plug-2\/#primaryimage\"},\"image\":{\"@id\":\"https:\/\/chargermake.com\/product\/ylc-usb-ac-pd-25w-fast-wall-charger-us-uk-eu-in-plug-2\/#primaryimage\"},\"thumbnailUrl\":\"https:\/\/chargermake.com\/wp-content\/uploads\/2025\/05\/82.png\",\"datePublished\":\"2025-05-11T12:11:22+00:00\",\"dateModified\":\"2025-05-14T04:21:19+00:00\",\"breadcrumb\":{\"@id\":\"https:\/\/chargermake.com\/product\/ylc-usb-ac-pd-25w-fast-wall-charger-us-uk-eu-in-plug-2\/#breadcrumb\"},\"inLanguage\":\"es\",\"potentialAction\":[{\"@type\":\"ReadAction\",\"target\":[\"https:\/\/chargermake.com\/product\/ylc-usb-ac-pd-25w-fast-wall-charger-us-uk-eu-in-plug-2\/\"]}]},{\"@type\":\"ImageObject\",\"inLanguage\":\"es\",\"@id\":\"https:\/\/chargermake.com\/product\/ylc-usb-ac-pd-25w-fast-wall-charger-us-uk-eu-in-plug-2\/#primaryimage\",\"url\":\"https:\/\/chargermake.com\/wp-content\/uploads\/2025\/05\/82.png\",\"contentUrl\":\"https:\/\/chargermake.com\/wp-content\/uploads\/2025\/05\/82.png\",\"width\":273,\"height\":279},{\"@type\":\"BreadcrumbList\",\"@id\":\"https:\/\/chargermake.com\/product\/ylc-usb-ac-pd-25w-fast-wall-charger-us-uk-eu-in-plug-2\/#breadcrumb\",\"itemListElement\":[{\"@type\":\"ListItem\",\"position\":1,\"name\":\"Home\",\"item\":\"https:\/\/chargermake.com\/\"},{\"@type\":\"ListItem\",\"position\":2,\"name\":\"Product\",\"item\":\"https:\/\/chargermake.com\/product\/\"},{\"@type\":\"ListItem\",\"position\":3,\"name\":\"YLC USB A+C PD 25W Fast Wall Charger-US\/UK\/EU\/IN Plug\"}]},{\"@type\":\"WebSite\",\"@id\":\"https:\/\/chargermake.com\/#website\",\"url\":\"https:\/\/chargermake.com\/\",\"name\":\"YLC Charger &amp; Cable Manufacturer\",\"description\":\"YLC Charger &amp; Cable Manufacturer\",\"publisher\":{\"@id\":\"https:\/\/chargermake.com\/#organization\"},\"potentialAction\":[{\"@type\":\"SearchAction\",\"target\":{\"@type\":\"EntryPoint\",\"urlTemplate\":\"https:\/\/chargermake.com\/?s={search_term_string}\"},\"query-input\":{\"@type\":\"PropertyValueSpecification\",\"valueRequired\":true,\"valueName\":\"search_term_string\"}}],\"inLanguage\":\"es\"},{\"@type\":\"Organization\",\"@id\":\"https:\/\/chargermake.com\/#organization\",\"name\":\"YLC Charger &amp; Cable Manufacturer\",\"url\":\"https:\/\/chargermake.com\/\",\"logo\":{\"@type\":\"ImageObject\",\"inLanguage\":\"es\",\"@id\":\"https:\/\/chargermake.com\/#\/schema\/logo\/image\/\",\"url\":\"https:\/\/chargermake.com\/wp-content\/uploads\/2025\/05\/QQ20250513-194648-scaled.png\",\"contentUrl\":\"https:\/\/chargermake.com\/wp-content\/uploads\/2025\/05\/QQ20250513-194648-scaled.png\",\"width\":2560,\"height\":388,\"caption\":\"YLC Charger &amp; Cable Manufacturer\"},\"image\":{\"@id\":\"https:\/\/chargermake.com\/#\/schema\/logo\/image\/\"}}]}<\/script>\n<!-- \/ Yoast SEO Premium plugin. -->","yoast_head_json":{"title":"YLC USB A+C PD 25W Fast Wall Charger-US\/UK\/EU\/IN Plug - YLC Charger &amp; Cable Manufacturer","robots":{"index":"index","follow":"follow","max-snippet":"max-snippet:-1","max-image-preview":"max-image-preview:large","max-video-preview":"max-video-preview:-1"},"canonical":"https:\/\/chargermake.com\/es\/producto\/ylc-usb-ac-pd-25w-fast-wall-charger-us-uk-eu-in-plug-2\/","og_locale":"es_ES","og_type":"article","og_title":"YLC USB A+C PD 25W Fast Wall Charger-US\/UK\/EU\/IN Plug","og_description":"*The stock product's MOQ is 100 and priced for bulk pack (PP bag).\u00a0 Contact us\u00a0for individual retail packaging options.","og_url":"https:\/\/chargermake.com\/es\/producto\/ylc-usb-ac-pd-25w-fast-wall-charger-us-uk-eu-in-plug-2\/","og_site_name":"YLC Charger &amp; Cable Manufacturer","article_modified_time":"2025-05-14T04:21:19+00:00","og_image":[{"width":273,"height":279,"url":"https:\/\/chargermake.com\/wp-content\/uploads\/2025\/05\/82.png","type":"image\/png"}],"twitter_card":"summary_large_image","twitter_misc":{"Tiempo de lectura":"2 minutos"},"schema":{"@context":"https:\/\/schema.org","@graph":[{"@type":"WebPage","@id":"https:\/\/chargermake.com\/product\/ylc-usb-ac-pd-25w-fast-wall-charger-us-uk-eu-in-plug-2\/","url":"https:\/\/chargermake.com\/product\/ylc-usb-ac-pd-25w-fast-wall-charger-us-uk-eu-in-plug-2\/","name":"YLC USB A+C PD 25W Fast Wall Charger-US\/UK\/EU\/IN Plug - YLC Charger &amp; Cable Manufacturer","isPartOf":{"@id":"https:\/\/chargermake.com\/#website"},"primaryImageOfPage":{"@id":"https:\/\/chargermake.com\/product\/ylc-usb-ac-pd-25w-fast-wall-charger-us-uk-eu-in-plug-2\/#primaryimage"},"image":{"@id":"https:\/\/chargermake.com\/product\/ylc-usb-ac-pd-25w-fast-wall-charger-us-uk-eu-in-plug-2\/#primaryimage"},"thumbnailUrl":"https:\/\/chargermake.com\/wp-content\/uploads\/2025\/05\/82.png","datePublished":"2025-05-11T12:11:22+00:00","dateModified":"2025-05-14T04:21:19+00:00","breadcrumb":{"@id":"https:\/\/chargermake.com\/product\/ylc-usb-ac-pd-25w-fast-wall-charger-us-uk-eu-in-plug-2\/#breadcrumb"},"inLanguage":"es","potentialAction":[{"@type":"ReadAction","target":["https:\/\/chargermake.com\/product\/ylc-usb-ac-pd-25w-fast-wall-charger-us-uk-eu-in-plug-2\/"]}]},{"@type":"ImageObject","inLanguage":"es","@id":"https:\/\/chargermake.com\/product\/ylc-usb-ac-pd-25w-fast-wall-charger-us-uk-eu-in-plug-2\/#primaryimage","url":"https:\/\/chargermake.com\/wp-content\/uploads\/2025\/05\/82.png","contentUrl":"https:\/\/chargermake.com\/wp-content\/uploads\/2025\/05\/82.png","width":273,"height":279},{"@type":"BreadcrumbList","@id":"https:\/\/chargermake.com\/product\/ylc-usb-ac-pd-25w-fast-wall-charger-us-uk-eu-in-plug-2\/#breadcrumb","itemListElement":[{"@type":"ListItem","position":1,"name":"Home","item":"https:\/\/chargermake.com\/"},{"@type":"ListItem","position":2,"name":"Product","item":"https:\/\/chargermake.com\/product\/"},{"@type":"ListItem","position":3,"name":"YLC USB A+C PD 25W Fast Wall Charger-US\/UK\/EU\/IN Plug"}]},{"@type":"WebSite","@id":"https:\/\/chargermake.com\/#website","url":"https:\/\/chargermake.com\/","name":"YLC Charger &amp; Cable Manufacturer","description":"YLC Charger &amp; Cable Manufacturer","publisher":{"@id":"https:\/\/chargermake.com\/#organization"},"potentialAction":[{"@type":"SearchAction","target":{"@type":"EntryPoint","urlTemplate":"https:\/\/chargermake.com\/?s={search_term_string}"},"query-input":{"@type":"PropertyValueSpecification","valueRequired":true,"valueName":"search_term_string"}}],"inLanguage":"es"},{"@type":"Organization","@id":"https:\/\/chargermake.com\/#organization","name":"YLC Charger &amp; Cable Manufacturer","url":"https:\/\/chargermake.com\/","logo":{"@type":"ImageObject","inLanguage":"es","@id":"https:\/\/chargermake.com\/#\/schema\/logo\/image\/","url":"https:\/\/chargermake.com\/wp-content\/uploads\/2025\/05\/QQ20250513-194648-scaled.png","contentUrl":"https:\/\/chargermake.com\/wp-content\/uploads\/2025\/05\/QQ20250513-194648-scaled.png","width":2560,"height":388,"caption":"YLC Charger &amp; Cable Manufacturer"},"image":{"@id":"https:\/\/chargermake.com\/#\/schema\/logo\/image\/"}}]}},"taxonomy_info":{"product_cat":[{"value":38,"label":"Charger"},{"value":66,"label":"EU Plug"},{"value":67,"label":"UK Plug"},{"value":65,"label":"US Plug"}],"product_tag":[{"value":52,"label":"adapter"},{"value":51,"label":"charger"},{"value":47,"label":"fast charger"},{"value":56,"label":"home charger"},{"value":55,"label":"iphone adapter"},{"value":54,"label":"iphone charger"},{"value":60,"label":"PD charger"},{"value":53,"label":"phone charger"},{"value":61,"label":"us plug"},{"value":57,"label":"wall charger"}]},"featured_image_src_large":["https:\/\/chargermake.com\/wp-content\/uploads\/2025\/05\/82.png",273,279,false],"author_info":[],"comment_info":0,"_links":{"self":[{"href":"https:\/\/chargermake.com\/es\/wp-json\/wp\/v2\/product\/2073","targetHints":{"allow":["GET"]}}],"collection":[{"href":"https:\/\/chargermake.com\/es\/wp-json\/wp\/v2\/product"}],"about":[{"href":"https:\/\/chargermake.com\/es\/wp-json\/wp\/v2\/types\/product"}],"replies":[{"embeddable":true,"href":"https:\/\/chargermake.com\/es\/wp-json\/wp\/v2\/comments?post=2073"}],"wp:featuredmedia":[{"embeddable":true,"href":"https:\/\/chargermake.com\/es\/wp-json\/wp\/v2\/media\/2078"}],"wp:attachment":[{"href":"https:\/\/chargermake.com\/es\/wp-json\/wp\/v2\/media?parent=2073"}],"wp:term":[{"taxonomy":"product_brand","embeddable":true,"href":"https:\/\/chargermake.com\/es\/wp-json\/wp\/v2\/product_brand?post=2073"},{"taxonomy":"product_cat","embeddable":true,"href":"https:\/\/chargermake.com\/es\/wp-json\/wp\/v2\/product_cat?post=2073"},{"taxonomy":"product_tag","embeddable":true,"href":"https:\/\/chargermake.com\/es\/wp-json\/wp\/v2\/product_tag?post=2073"}],"curies":[{"name":"wp","href":"https:\/\/api.w.org\/{rel}","templated":true}]}}